{"id":7580,"date":"2020-08-13T15:23:50","date_gmt":"2020-08-13T19:23:50","guid":{"rendered":"https:\/\/institutpediatriesociale.com\/continuing-professional-development\/"},"modified":"2021-08-02T16:15:20","modified_gmt":"2021-08-02T20:15:20","slug":"continuing-professional-development","status":"publish","type":"page","link":"https:\/\/institutpediatriesociale.com\/en\/continuing-professional-development\/","title":{"rendered":"Continuing Professional Development"},"content":{"rendered":"\t\t<div data-elementor-type=\"wp-page\" data-elementor-id=\"7580\" class=\"elementor elementor-7580 elementor-3588\" data-elementor-post-type=\"page\">\n\t\t\t\t\t\t<section data-dce-background-color=\"#8ECDC0\" data-dce-background-image-url=\"https:\/\/institutpediatriesociale.com\/wp-content\/uploads\/2020\/03\/institut-01-1.jpg\" class=\"elementor-section elementor-top-section elementor-element elementor-element-6be5b39 elementor-section-height-min-height elementor-section-boxed elementor-section-height-default elementor-section-items-middle\" data-id=\"6be5b39\" data-element_type=\"section\" data-e-type=\"section\" data-settings=\"{&quot;background_background&quot;:&quot;classic&quot;}\">\n\t\t\t\t\t\t\t<div class=\"elementor-background-overlay\"><\/div>\n\t\t\t\t\t\t\t<div class=\"elementor-container elementor-column-gap-default\">\n\t\t\t\t\t<div class=\"elementor-column elementor-col-100 elementor-top-column elementor-element elementor-element-9f45f9a\" data-id=\"9f45f9a\" data-element_type=\"column\" data-e-type=\"column\" data-settings=\"{&quot;background_background&quot;:&quot;classic&quot;}\">\n\t\t\t<div class=\"elementor-widget-wrap elementor-element-populated\">\n\t\t\t\t\t\t<div data-dce-title-color=\"#FFFFFF\" class=\"elementor-element elementor-element-a1c5425 elementor-widget elementor-widget-heading\" data-id=\"a1c5425\" data-element_type=\"widget\" data-e-type=\"widget\" data-widget_type=\"heading.default\">\n\t\t\t\t<div class=\"elementor-widget-container\">\n\t\t\t\t\t<h2 class=\"elementor-heading-title elementor-size-default\">Continuing Professional Development<\/h2>\t\t\t\t<\/div>\n\t\t\t\t<\/div>\n\t\t\t\t\t<\/div>\n\t\t<\/div>\n\t\t\t\t\t<\/div>\n\t\t<\/section>\n\t\t\t\t<section class=\"elementor-section elementor-top-section elementor-element elementor-element-bcbbe63 elementor-section-boxed elementor-section-height-default elementor-section-height-default\" data-id=\"bcbbe63\" data-element_type=\"section\" data-e-type=\"section\">\n\t\t\t\t\t\t<div class=\"elementor-container elementor-column-gap-default\">\n\t\t\t\t\t<div class=\"elementor-column elementor-col-100 elementor-top-column elementor-element elementor-element-4056ac3\" data-id=\"4056ac3\" data-element_type=\"column\" data-e-type=\"column\">\n\t\t\t<div class=\"elementor-widget-wrap elementor-element-populated\">\n\t\t\t\t\t\t<div class=\"elementor-element elementor-element-6fa1d2f elementor-widget elementor-widget-text-editor\" data-id=\"6fa1d2f\" data-element_type=\"widget\" data-e-type=\"widget\" data-widget_type=\"text-editor.default\">\n\t\t\t\t<div class=\"elementor-widget-container\">\n\t\t\t\t\t<div class=\"bb-theme-elementor-wrap bb-elementor-custom-family bb-elementor-custom-size bb-elementor-tablet-custom-size\">\t\t\t\t<p>The Community Social Pediatrics Institute offers a continuing professional development program designed especially for professionals in the health sciences, social sciences and legal fields who work at, or in partnership with, community social pediatrics centres (CSPCs).<\/p><p><span style=\"letter-spacing: 0.2px;\">Aimed at fostering continuous improvement in practice, our programs is offered in a variety of online, in-person and hybrid learning formats that we continually update in response to the needs of our different target publics.<\/span><\/p>\t\t\t\t<\/div>\t\t\t\t<\/div>\n\t\t\t\t<\/div>\n\t\t\t\t<div class=\"elementor-element elementor-element-186eb94 elementor-align-center elementor-widget elementor-widget-button\" data-id=\"186eb94\" data-element_type=\"widget\" data-e-type=\"widget\" data-widget_type=\"button.default\">\n\t\t\t\t<div class=\"elementor-widget-container\">\n\t\t\t\t\t\t\t\t\t<div class=\"elementor-button-wrapper\">\n\t\t\t\t\t<a class=\"elementor-button elementor-button-link elementor-size-md\" href=\"https:\/\/institutpediatriesociale.com\/wp-content\/uploads\/2021\/07\/Professionnal-training-program-2021-2022.pdf\" target=\"_blank\">\n\t\t\t\t\t\t<span class=\"elementor-button-content-wrapper\">\n\t\t\t\t\t\t<span class=\"elementor-button-icon\">\n\t\t\t\t<svg aria-hidden=\"true\" class=\"e-font-icon-svg e-fas-download\" viewBox=\"0 0 512 512\" xmlns=\"http:\/\/www.w3.org\/2000\/svg\"><path d=\"M216 0h80c13.3 0 24 10.7 24 24v168h87.7c17.8 0 26.7 21.5 14.1 34.1L269.7 378.3c-7.5 7.5-19.8 7.5-27.3 0L90.1 226.1c-12.6-12.6-3.7-34.1 14.1-34.1H192V24c0-13.3 10.7-24 24-24zm296 376v112c0 13.3-10.7 24-24 24H24c-13.3 0-24-10.7-24-24V376c0-13.3 10.7-24 24-24h146.7l49 49c20.1 20.1 52.5 20.1 72.6 0l49-49H488c13.3 0 24 10.7 24 24zm-124 88c0-11-9-20-20-20s-20 9-20 20 9 20 20 20 20-9 20-20zm64 0c0-11-9-20-20-20s-20 9-20 20 9 20 20 20 20-9 20-20z\"><\/path><\/svg>\t\t\t<\/span>\n\t\t\t\t\t\t\t\t\t<span class=\"elementor-button-text\">Download this year program <\/span>\n\t\t\t\t\t<\/span>\n\t\t\t\t\t<\/a>\n\t\t\t\t<\/div>\n\t\t\t\t\t\t\t\t<\/div>\n\t\t\t\t<\/div>\n\t\t\t\t\t<\/div>\n\t\t<\/div>\n\t\t\t\t\t<\/div>\n\t\t<\/section>\n\t\t\t\t<section class=\"elementor-section elementor-top-section elementor-element elementor-element-8fa9158 elementor-section-content-middle boite elementor-section-boxed elementor-section-height-default elementor-section-height-default\" data-id=\"8fa9158\" data-element_type=\"section\" data-e-type=\"section\">\n\t\t\t\t\t\t<div class=\"elementor-container elementor-column-gap-no\">\n\t\t\t\t\t<div class=\"elementor-column elementor-col-50 elementor-top-column elementor-element elementor-element-7c1b48c\" data-id=\"7c1b48c\" data-element_type=\"column\" data-e-type=\"column\">\n\t\t\t<div class=\"elementor-widget-wrap elementor-element-populated\">\n\t\t\t\t\t\t<div data-dce-text-color=\"#FFFFFF\" data-dce-advanced-background-color=\"#8ECDC0\" class=\"elementor-element elementor-element-7ca987a elementor-widget elementor-widget-text-editor\" data-id=\"7ca987a\" data-element_type=\"widget\" data-e-type=\"widget\" data-widget_type=\"text-editor.default\">\n\t\t\t\t<div class=\"elementor-widget-container\">\n\t\t\t\t\t<div class=\"bb-theme-elementor-wrap bb-elementor-custom-color bb-elementor-custom-family bb-elementor-custom-size bb-elementor-tablet-custom-size bb-elementor-custom-line-height\">\t\t\t\t<p><strong>I do not work in a community social pediatrics centre. Can I still access your training program? <\/strong><\/p><p>Of course! The Community Social Pediatrics Institute already offers some online training opportunities for professionals who work with vulnerable children but not in a CSPC. To access these, simply <a href=\"https:\/\/institutpediatriesociale.com\/en\/registration\/\"><u>create an online profile<\/u><\/a>. The Institute is also actively working to develop new training modules to add to the existing selection.<\/p>\t\t\t\t<\/div>\t\t\t\t<\/div>\n\t\t\t\t<\/div>\n\t\t\t\t\t<\/div>\n\t\t<\/div>\n\t\t\t\t<div class=\"elementor-column elementor-col-50 elementor-top-column elementor-element elementor-element-94b16df\" data-id=\"94b16df\" data-element_type=\"column\" data-e-type=\"column\" data-settings=\"{&quot;background_background&quot;:&quot;classic&quot;}\">\n\t\t\t<div class=\"elementor-widget-wrap elementor-element-populated\">\n\t\t\t\t\t\t<div class=\"elementor-element elementor-element-43a45b8 elementor-hidden-phone elementor-widget elementor-widget-image\" data-id=\"43a45b8\" data-element_type=\"widget\" data-e-type=\"widget\" data-widget_type=\"image.default\">\n\t\t\t\t<div class=\"elementor-widget-container\">\n\t\t\t\t\t\t\t\t\t\t\t\t\t\t\t<img fetchpriority=\"high\" decoding=\"async\" width=\"1358\" height=\"924\" src=\"https:\/\/institutpediatriesociale.com\/wp-content\/uploads\/2020\/01\/DrJ_Contenu_ImgContenu.jpg\" class=\"attachment-full size-full wp-image-2378\" alt=\"\" srcset=\"https:\/\/institutpediatriesociale.com\/wp-content\/uploads\/2020\/01\/DrJ_Contenu_ImgContenu.jpg 1358w, https:\/\/institutpediatriesociale.com\/wp-content\/uploads\/2020\/01\/DrJ_Contenu_ImgContenu-600x408.jpg 600w, https:\/\/institutpediatriesociale.com\/wp-content\/uploads\/2020\/01\/DrJ_Contenu_ImgContenu-300x204.jpg 300w, https:\/\/institutpediatriesociale.com\/wp-content\/uploads\/2020\/01\/DrJ_Contenu_ImgContenu-1024x697.jpg 1024w, https:\/\/institutpediatriesociale.com\/wp-content\/uploads\/2020\/01\/DrJ_Contenu_ImgContenu-768x523.jpg 768w, https:\/\/institutpediatriesociale.com\/wp-content\/uploads\/2020\/01\/DrJ_Contenu_ImgContenu-400x272.jpg 400w, https:\/\/institutpediatriesociale.com\/wp-content\/uploads\/2020\/01\/DrJ_Contenu_ImgContenu-624x425.jpg 624w\" sizes=\"(max-width: 1358px) 100vw, 1358px\" \/>\t\t\t\t\t\t\t\t\t\t\t\t\t\t\t<\/div>\n\t\t\t\t<\/div>\n\t\t\t\t\t<\/div>\n\t\t<\/div>\n\t\t\t\t\t<\/div>\n\t\t<\/section>\n\t\t\t\t<section class=\"elementor-section elementor-top-section elementor-element elementor-element-dcc4cce elementor-section-boxed elementor-section-height-default elementor-section-height-default\" data-id=\"dcc4cce\" data-element_type=\"section\" data-e-type=\"section\">\n\t\t\t\t\t\t<div class=\"elementor-container elementor-column-gap-default\">\n\t\t\t\t\t<div class=\"elementor-column elementor-col-100 elementor-top-column elementor-element elementor-element-8ee5ed4\" data-id=\"8ee5ed4\" data-element_type=\"column\" data-e-type=\"column\">\n\t\t\t<div class=\"elementor-widget-wrap elementor-element-populated\">\n\t\t\t\t\t\t<div class=\"elementor-element elementor-element-f1c5b4d elementor-widget elementor-widget-text-editor\" data-id=\"f1c5b4d\" data-element_type=\"widget\" data-e-type=\"widget\" data-widget_type=\"text-editor.default\">\n\t\t\t\t<div class=\"elementor-widget-container\">\n\t\t\t\t\t<div class=\"bb-theme-elementor-wrap bb-elementor-custom-family bb-elementor-custom-size bb-elementor-tablet-custom-size\">\t\t\t\t<p>Our Continuing Professional Development program comprises three components.<\/p>\t\t\t\t<\/div>\t\t\t\t<\/div>\n\t\t\t\t<\/div>\n\t\t\t\t\t<\/div>\n\t\t<\/div>\n\t\t\t\t\t<\/div>\n\t\t<\/section>\n\t\t\t\t<section class=\"elementor-section elementor-top-section elementor-element elementor-element-01912a4 elementor-section-boxed elementor-section-height-default elementor-section-height-default\" data-id=\"01912a4\" data-element_type=\"section\" data-e-type=\"section\">\n\t\t\t\t\t\t<div class=\"elementor-container elementor-column-gap-default\">\n\t\t\t\t\t<div class=\"elementor-column elementor-col-100 elementor-top-column elementor-element elementor-element-2323de3\" data-id=\"2323de3\" data-element_type=\"column\" data-e-type=\"column\">\n\t\t\t<div class=\"elementor-widget-wrap elementor-element-populated\">\n\t\t\t\t\t\t<div class=\"elementor-element elementor-element-8ed81d5 elementor-widget elementor-widget-heading\" data-id=\"8ed81d5\" data-element_type=\"widget\" data-e-type=\"widget\" data-widget_type=\"heading.default\">\n\t\t\t\t<div class=\"elementor-widget-container\">\n\t\t\t\t\t<h3 class=\"elementor-heading-title elementor-size-default\">Introductory Program<\/h3>\t\t\t\t<\/div>\n\t\t\t\t<\/div>\n\t\t\t\t<div class=\"elementor-element elementor-element-dfed7ee elementor-widget elementor-widget-text-editor\" data-id=\"dfed7ee\" data-element_type=\"widget\" data-e-type=\"widget\" data-widget_type=\"text-editor.default\">\n\t\t\t\t<div class=\"elementor-widget-container\">\n\t\t\t\t\t<div class=\"bb-theme-elementor-wrap bb-elementor-custom-family bb-elementor-custom-size bb-elementor-tablet-custom-size\">\t\t\t\t<p>This program is the starting point for any practice in CSP. Its objective is to ensure that all professionals working in the CSP network have a common understanding of the approach. <\/p>\n<p>All new employees in a CSPC must complete the training modules of the Introductory Program listed in their profile before advancing to other training programs. For physicians, completing the Introductory Program is required by Quebec&#8217;s Minist\u00e8re de la Sant\u00e9 et des Services sociaux. <\/p>\n\t\t\t\t<\/div>\t\t\t\t<\/div>\n\t\t\t\t<\/div>\n\t\t\t\t\t<\/div>\n\t\t<\/div>\n\t\t\t\t\t<\/div>\n\t\t<\/section>\n\t\t\t\t<section class=\"elementor-section elementor-top-section elementor-element elementor-element-2e3c891 elementor-section-boxed elementor-section-height-default elementor-section-height-default\" data-id=\"2e3c891\" data-element_type=\"section\" data-e-type=\"section\">\n\t\t\t\t\t\t<div class=\"elementor-container elementor-column-gap-default\">\n\t\t\t\t\t<div class=\"elementor-column elementor-col-100 elementor-top-column elementor-element elementor-element-bd81e14\" data-id=\"bd81e14\" data-element_type=\"column\" data-e-type=\"column\">\n\t\t\t<div class=\"elementor-widget-wrap elementor-element-populated\">\n\t\t\t\t\t\t<div class=\"elementor-element elementor-element-e1aa3ae elementor-widget elementor-widget-heading\" data-id=\"e1aa3ae\" data-element_type=\"widget\" data-e-type=\"widget\" data-widget_type=\"heading.default\">\n\t\t\t\t<div class=\"elementor-widget-container\">\n\t\t\t\t\t<h3 class=\"elementor-heading-title elementor-size-default\">Professional Development Program<\/h3>\t\t\t\t<\/div>\n\t\t\t\t<\/div>\n\t\t\t\t<div class=\"elementor-element elementor-element-25db921 elementor-widget elementor-widget-text-editor\" data-id=\"25db921\" data-element_type=\"widget\" data-e-type=\"widget\" data-widget_type=\"text-editor.default\">\n\t\t\t\t<div class=\"elementor-widget-container\">\n\t\t\t\t\t<div class=\"bb-theme-elementor-wrap bb-elementor-custom-family bb-elementor-custom-size bb-elementor-tablet-custom-size\">\t\t\t\t<p>The goal of this program is to enrich your CSP practice by acquiring a deeper understanding of themes specific to the approach. Bringing together experts in the field of child vulnerability, it helps clinicians update their knowledge and refine their interventions on themes specific to CSP. <\/p>\n\t\t\t\t<\/div>\t\t\t\t<\/div>\n\t\t\t\t<\/div>\n\t\t\t\t\t<\/div>\n\t\t<\/div>\n\t\t\t\t\t<\/div>\n\t\t<\/section>\n\t\t\t\t<section class=\"elementor-section elementor-top-section elementor-element elementor-element-1947cbc elementor-section-boxed elementor-section-height-default elementor-section-height-default\" data-id=\"1947cbc\" data-element_type=\"section\" data-e-type=\"section\">\n\t\t\t\t\t\t<div class=\"elementor-container elementor-column-gap-default\">\n\t\t\t\t\t<div class=\"elementor-column elementor-col-100 elementor-top-column elementor-element elementor-element-2f6e11d\" data-id=\"2f6e11d\" data-element_type=\"column\" data-e-type=\"column\">\n\t\t\t<div class=\"elementor-widget-wrap elementor-element-populated\">\n\t\t\t\t\t\t<div class=\"elementor-element elementor-element-3a201c1 elementor-widget elementor-widget-heading\" data-id=\"3a201c1\" data-element_type=\"widget\" data-e-type=\"widget\" data-widget_type=\"heading.default\">\n\t\t\t\t<div class=\"elementor-widget-container\">\n\t\t\t\t\t<h3 class=\"elementor-heading-title elementor-size-default\">Peer Learning Program<\/h3>\t\t\t\t<\/div>\n\t\t\t\t<\/div>\n\t\t\t\t<div class=\"elementor-element elementor-element-42e9e6a elementor-widget elementor-widget-text-editor\" data-id=\"42e9e6a\" data-element_type=\"widget\" data-e-type=\"widget\" data-widget_type=\"text-editor.default\">\n\t\t\t\t<div class=\"elementor-widget-container\">\n\t\t\t\t\t<div class=\"bb-theme-elementor-wrap bb-elementor-custom-family bb-elementor-custom-size bb-elementor-tablet-custom-size\">\t\t\t\t<p>In this program, you will strengthen your practice by participating in codevelopment and exchange activities with other professionals. These activities are led by experts and centre around themes that change each year.<\/p><p>For new employees at CSPCs, this provides a space for collective learning and experience sharing with colleagues in the network.<\/p>\t\t\t\t<\/div>\t\t\t\t<\/div>\n\t\t\t\t<\/div>\n\t\t\t\t\t<\/div>\n\t\t<\/div>\n\t\t\t\t\t<\/div>\n\t\t<\/section>\n\t\t\t\t<section class=\"elementor-section elementor-top-section elementor-element elementor-element-48b60c7 elementor-section-boxed elementor-section-height-default elementor-section-height-default\" data-id=\"48b60c7\" data-element_type=\"section\" data-e-type=\"section\">\n\t\t\t\t\t\t<div class=\"elementor-container elementor-column-gap-default\">\n\t\t\t\t\t<div class=\"elementor-column elementor-col-100 elementor-top-column elementor-element elementor-element-5ccb565\" data-id=\"5ccb565\" data-element_type=\"column\" data-e-type=\"column\">\n\t\t\t<div class=\"elementor-widget-wrap elementor-element-populated\">\n\t\t\t\t\t\t<div class=\"elementor-element elementor-element-26c66d5 elementor-widget-divider--view-line elementor-widget elementor-widget-divider\" data-id=\"26c66d5\" data-element_type=\"widget\" data-e-type=\"widget\" data-widget_type=\"divider.default\">\n\t\t\t\t<div class=\"elementor-widget-container\">\n\t\t\t\t\t\t\t<div class=\"elementor-divider\">\n\t\t\t<span class=\"elementor-divider-separator\">\n\t\t\t\t\t\t<\/span>\n\t\t<\/div>\n\t\t\t\t\t\t<\/div>\n\t\t\t\t<\/div>\n\t\t\t\t<div class=\"elementor-element elementor-element-2cc77a7 elementor-widget elementor-widget-text-editor\" data-id=\"2cc77a7\" data-element_type=\"widget\" data-e-type=\"widget\" data-widget_type=\"text-editor.default\">\n\t\t\t\t<div class=\"elementor-widget-container\">\n\t\t\t\t\t<div class=\"bb-theme-elementor-wrap bb-elementor-custom-family bb-elementor-custom-size bb-elementor-tablet-custom-size\">\t\t\t\t<p>Most of our training programs are recognized by M\u00e9decins francophones du Canada (French physicians of Canada), the Ordre des travailleurs sociaux et des th\u00e9rapeutes conjugaux et familiaux du Qu\u00e9bec, and the Barreau du Qu\u00e9bec.<\/p>\n<p><strong style=\"letter-spacing: 0.2px;\">For more information on our Continuing Professional Development program, please contact: <span style=\"text-decoration-line: underline;\"><a href=\"mailto:formation@pediatriesociale.org\">formation@pediatriesociale.org<\/a><\/span><\/strong><\/p>\t\t\t\t<\/div>\t\t\t\t<\/div>\n\t\t\t\t<\/div>\n\t\t\t\t\t<\/div>\n\t\t<\/div>\n\t\t\t\t\t<\/div>\n\t\t<\/section>\n\t\t\t\t<section data-dce-background-color=\"#F6BC5A\" class=\"elementor-section elementor-top-section elementor-element elementor-element-29a960a4 elementor-section-stretched elementor-section-full_width elementor-section-height-default elementor-section-height-default\" data-id=\"29a960a4\" data-element_type=\"section\" data-e-type=\"section\" data-settings=\"{&quot;background_background&quot;:&quot;classic&quot;,&quot;stretch_section&quot;:&quot;section-stretched&quot;}\">\n\t\t\t\t\t\t<div class=\"elementor-container elementor-column-gap-no\">\n\t\t\t\t\t<div class=\"elementor-column elementor-col-100 elementor-top-column elementor-element elementor-element-65befbd5 contenu-bloc\" data-id=\"65befbd5\" data-element_type=\"column\" data-e-type=\"column\">\n\t\t\t<div class=\"elementor-widget-wrap elementor-element-populated\">\n\t\t\t\t\t\t<div data-dce-title-color=\"#323250\" class=\"elementor-element elementor-element-2929eab elementor-widget elementor-widget-heading\" data-id=\"2929eab\" data-element_type=\"widget\" data-e-type=\"widget\" data-widget_type=\"heading.default\">\n\t\t\t\t<div class=\"elementor-widget-container\">\n\t\t\t\t\t<h2 class=\"elementor-heading-title elementor-size-default\">Ready to go?<\/h2>\t\t\t\t<\/div>\n\t\t\t\t<\/div>\n\t\t\t\t<div data-dce-background-color=\"#323250\" class=\"elementor-element elementor-element-3a7052b elementor-align-center elementor-widget elementor-widget-global elementor-global-7379 elementor-global-5659 elementor-widget-button\" data-id=\"3a7052b\" data-element_type=\"widget\" data-e-type=\"widget\" data-widget_type=\"button.default\">\n\t\t\t\t<div class=\"elementor-widget-container\">\n\t\t\t\t\t\t\t\t\t<div class=\"elementor-button-wrapper\">\n\t\t\t\t\t<a class=\"elementor-button elementor-button-link elementor-size-sm\" href=\"https:\/\/institutpediatriesociale.com\/en\/registration\/\">\n\t\t\t\t\t\t<span class=\"elementor-button-content-wrapper\">\n\t\t\t\t\t\t\t\t\t<span class=\"elementor-button-text\">Click here<\/span>\n\t\t\t\t\t<\/span>\n\t\t\t\t\t<\/a>\n\t\t\t\t<\/div>\n\t\t\t\t\t\t\t\t<\/div>\n\t\t\t\t<\/div>\n\t\t\t\t\t<\/div>\n\t\t<\/div>\n\t\t\t\t\t<\/div>\n\t\t<\/section>\n\t\t\t\t<\/div>\n\t\t","protected":false},"excerpt":{"rendered":"<p>The Community Social Pediatrics Institute offers a continuing professional development program designed especially for professionals in the health sciences, social sciences and legal fields who&hellip;<\/p>\n","protected":false},"author":41,"featured_media":0,"parent":0,"menu_order":0,"comment_status":"closed","ping_status":"closed","template":"elementor_header_footer","meta":{"_acf_changed":false,"footnotes":""},"class_list":["post-7580","page","type-page","status-publish","hentry"],"acf":[],"_links":{"self":[{"href":"https:\/\/institutpediatriesociale.com\/en\/wp-json\/wp\/v2\/pages\/7580","targetHints":{"allow":["GET"]}}],"collection":[{"href":"https:\/\/institutpediatriesociale.com\/en\/wp-json\/wp\/v2\/pages"}],"about":[{"href":"https:\/\/institutpediatriesociale.com\/en\/wp-json\/wp\/v2\/types\/page"}],"author":[{"embeddable":true,"href":"https:\/\/institutpediatriesociale.com\/en\/wp-json\/wp\/v2\/users\/41"}],"replies":[{"embeddable":true,"href":"https:\/\/institutpediatriesociale.com\/en\/wp-json\/wp\/v2\/comments?post=7580"}],"version-history":[{"count":0,"href":"https:\/\/institutpediatriesociale.com\/en\/wp-json\/wp\/v2\/pages\/7580\/revisions"}],"wp:attachment":[{"href":"https:\/\/institutpediatriesociale.com\/en\/wp-json\/wp\/v2\/media?parent=7580"}],"curies":[{"name":"wp","href":"https:\/\/api.w.org\/{rel}","templated":true}]}}