{"id":33858,"date":"2025-11-05T14:45:17","date_gmt":"2025-11-05T19:45:17","guid":{"rendered":"https:\/\/institutpediatriesociale.com\/?post_type=product&#038;p=33858"},"modified":"2025-11-05T15:08:07","modified_gmt":"2025-11-05T20:08:07","slug":"child-development","status":"publish","type":"product","link":"https:\/\/institutpediatriesociale.com\/en\/produit\/child-development\/","title":{"rendered":"Child Development"},"content":{"rendered":"\r\n<h4 class=\"wp-block-heading\">Prerequisites: none Duration: 90 minutes Recognition: 90 minutes of training recognized by SOFEDUC (0.15 UEC) Cost: Free for CSP professionals, CAD$40 for non-CPSC members.<\/h4>\r\n\r\n\r\n\r\n<h4 class=\"wp-block-heading\">Description<\/h4>\r\n\r\n\r\n\r\n<p>The children being followed in CSP often have compromised physical, cognitive, social and emotional development because of difficult living conditions that have generated significant, even toxic, stress in their lives. Care providers must therefore be familiar with the normal developmental process in children in order to understand how current or past difficulties are impacting their development. We will first examine the basic developmental process in the child for the following key dimensions: brain, physical, cognitive and emotional. We will then look at certain executive functions and their development, and examine how these executive functions influence the future development of other functions.<\/p>\r\n\r\n\r\n\r\n<h4 class=\"wp-block-heading\">Learning Objectives<\/h4>\r\n\r\n\r\n\r\n<div class=\"wp-block-spacer\" aria-hidden=\"true\">\u00a0<\/div>\r\n\r\n\r\n\r\n<ul class=\"wp-block-list\">\r\n<li>Describe the basic developmental process in the child for the following dimensions: brain, physical, cognitive and emotional<\/li>\r\n\r\n\r\n\r\n<li>Understand the development of certain executive functions and how they influence the future development of other functions<\/li>\r\n\r\n\r\n\r\n<li>Understand the concept of \u201csensitive period\u201d<\/li>\r\n<\/ul>\r\n\r\n\r\n\r\n<div class=\"wp-block-spacer\" aria-hidden=\"true\">\u00a0<\/div>\r\n\r\n\r\n\r\n<h4 class=\"wp-block-heading\"><strong>Learning Assessment Method<\/strong><\/h4>\r\n\r\n\r\n\r\n<p>&#8220;Test your knowledge&#8221; quiz\u00a0formative assessment.<\/p>\r\n\r\n\r\n\r\n<h4 class=\"wp-block-heading\">Author<\/h4>\r\n\r\n\r\n\r\n<p><strong>Marie-France Marin<\/strong>, professor, Department of Psychology at UQAM; researcher, Institut universitaire en sant\u00e9 mentale de Montr\u00e9al; and associate professor, Department of Psychiatry and Addiction, Universit\u00e9 de Montr\u00e9al<\/p>\r\n\r\n\r\n\r\n<p>The author declared that she had no conflicts of interest.<\/p>\r\n\r\n\r\n\r\n<p>&nbsp;<\/p>\r\n\r\n\r\n\r\n<h4 class=\"wp-block-heading\">Production team<\/h4>\r\n\r\n\r\n\r\n<p><strong>C\u00e9line Desjardins &#8211; <\/strong>Educational Designer, Community Social Pediatrics Institute <strong>David Guillemette &#8211; <\/strong>Technopedagogical Specialist, Community Social Pediatrics Institute <strong>Myriam Hivon &#8211; <\/strong>Director, Community Social Pediatrics Institute <strong>Family Medicine Innovations in Learning \u00a0Program Team, McGill University<\/strong><\/p>\r\n\r\n\r\n\r\n<ul class=\"wp-block-list\">\r\n<li><strong>Tamara Ellen Carver, Director<\/strong> \u2013 Office of Ed-TECH (Director of the Office of Educational Technology and Online Learning in Health);<\/li>\r\n\r\n\r\n\r\n<li><strong>Rachel Simmons<\/strong>, Program Manager (Program Manager);<\/li>\r\n\r\n\r\n\r\n<li><strong>Devon Myrrn MacIntyre<\/strong>, instructional designer<\/li>\r\n\r\n\r\n\r\n<li><strong>Dylan Master Sheper<\/strong>, Multimedia Content Producer (Multimedia content producer).<\/li>\r\n<\/ul>\r\n","protected":false},"excerpt":{"rendered":"<p>Prerequisites: none Duration: 90 minutes Recognition: 90 minutes of training recognized by SOFEDUC (0.15 UEC) Cost: Free for CSP professionals, CAD$40 for non-CPSC members. Description&hellip;<\/p>\n","protected":false},"featured_media":33766,"template":"","meta":{"_acf_changed":false},"product_brand":[],"product_cat":[217],"product_tag":[],"class_list":{"0":"post-33858","1":"product","2":"type-product","3":"status-publish","4":"has-post-thumbnail","6":"product_cat-formations-en","8":"first","9":"instock","10":"downloadable","11":"virtual","12":"sold-individually","13":"taxable","14":"purchasable","15":"product-type-simple"},"acf":[],"_links":{"self":[{"href":"https:\/\/institutpediatriesociale.com\/en\/wp-json\/wp\/v2\/product\/33858","targetHints":{"allow":["GET"]}}],"collection":[{"href":"https:\/\/institutpediatriesociale.com\/en\/wp-json\/wp\/v2\/product"}],"about":[{"href":"https:\/\/institutpediatriesociale.com\/en\/wp-json\/wp\/v2\/types\/product"}],"wp:featuredmedia":[{"embeddable":true,"href":"https:\/\/institutpediatriesociale.com\/en\/wp-json\/wp\/v2\/media\/33766"}],"wp:attachment":[{"href":"https:\/\/institutpediatriesociale.com\/en\/wp-json\/wp\/v2\/media?parent=33858"}],"wp:term":[{"taxonomy":"product_brand","embeddable":true,"href":"https:\/\/institutpediatriesociale.com\/en\/wp-json\/wp\/v2\/product_brand?post=33858"},{"taxonomy":"product_cat","embeddable":true,"href":"https:\/\/institutpediatriesociale.com\/en\/wp-json\/wp\/v2\/product_cat?post=33858"},{"taxonomy":"product_tag","embeddable":true,"href":"https:\/\/institutpediatriesociale.com\/en\/wp-json\/wp\/v2\/product_tag?post=33858"}],"curies":[{"name":"wp","href":"https:\/\/api.w.org\/{rel}","templated":true}]}}